

{"id":6791,"date":"2024-10-23T09:21:31","date_gmt":"2024-10-23T09:21:31","guid":{"rendered":"https:\/\/silvertree.lv\/?post_type=product&#038;p=6791"},"modified":"2025-10-06T17:52:14","modified_gmt":"2025-10-06T17:52:14","slug":"gift-card","status":"publish","type":"product","link":"https:\/\/silvertree.lv\/en\/produkts\/gift-card\/","title":{"rendered":"Silvertree gift card"},"content":{"rendered":"<p>Help your employees and colleagues have one less holiday hassle. A Silvertree gift card voucher will save time in the search for the perfect Christmas tree!<\/p>\n<p>After ordering the gift card voucher, you will receive a digital card with a unique voucher code via email. You can present the digital card electronically or print it on your desired paper. You can enter the unique voucher code on the payment page. If the product you choose costs more than the value of the gift voucher you have, you will need to pay the difference using your preferred method.<\/p>\n<p>We will send the gift voucher to the email address you provide. If you have any questions, please contact:\u00a0<a rel=\"noopener\">info@silvertree.lv<\/a> or +371 29996726<\/p>\n","protected":false},"excerpt":{"rendered":"<p><strong>Gift card<\/strong>\u00a0\u2013 for your desired Christmas tree<\/p>\n","protected":false},"featured_media":6807,"template":"","meta":{"_acf_changed":false,"inline_featured_image":false},"product_brand":[],"product_cat":[236,238,241,244,67,250,253,256,259,265,268,271],"product_tag":[],"class_list":{"0":"post-6791","1":"product","2":"type-product","3":"status-publish","4":"has-post-thumbnail","6":"product_cat-asa-egle-lv-en","7":"product_cat-baltegles-lv","8":"product_cat-balzama-baltegle-lv","9":"product_cat-danu-egles-lv","10":"product_cat-eglutes-en","11":"product_cat-frezera-baltegle-lv","12":"product_cat-kanadas-egles-lv","13":"product_cat-kaukaza-baltegle-lv","14":"product_cat-korejas-baltegle-lv","15":"product_cat-nordmann-egles-lv","16":"product_cat-parasta-egle-lv","17":"product_cat-serbijas-egles-lv","19":"first","20":"instock","21":"taxable","22":"shipping-taxable","23":"purchasable","24":"product-type-variable"},"acf":[],"yoast_head":"<!-- This site is optimized with the Yoast SEO plugin v26.1.1 - https:\/\/yoast.com\/wordpress\/plugins\/seo\/ -->\n<title>Silvertree gift card - silvertree.lv<\/title>\n<meta name=\"robots\" content=\"noindex, nofollow\" \/>\n<meta property=\"og:locale\" content=\"en_US\" \/>\n<meta property=\"og:type\" content=\"article\" \/>\n<meta property=\"og:title\" content=\"Silvertree gift card - silvertree.lv\" \/>\n<meta property=\"og:description\" content=\"Gift card\u00a0\u2013 for your desired Christmas tree\" \/>\n<meta property=\"og:url\" content=\"https:\/\/silvertree.lv\/en\/produkts\/gift-card\/\" \/>\n<meta property=\"og:site_name\" content=\"silvertree.lv\" \/>\n<meta property=\"article:modified_time\" content=\"2025-10-06T17:52:14+00:00\" \/>\n<meta property=\"og:image\" content=\"https:\/\/silvertree.lv\/wp-content\/uploads\/sites\/4\/2024\/10\/Gift-card.png\" \/>\n\t<meta property=\"og:image:width\" content=\"912\" \/>\n\t<meta property=\"og:image:height\" content=\"999\" \/>\n\t<meta property=\"og:image:type\" content=\"image\/png\" \/>\n<meta name=\"twitter:card\" content=\"summary_large_image\" \/>\n<meta name=\"twitter:label1\" content=\"Est. reading time\" \/>\n\t<meta name=\"twitter:data1\" content=\"1 minute\" \/>\n<script type=\"application\/ld+json\" class=\"yoast-schema-graph\">{\"@context\":\"https:\/\/schema.org\",\"@graph\":[{\"@type\":\"WebPage\",\"@id\":\"https:\/\/silvertree.lv\/en\/produkts\/gift-card\/\",\"url\":\"https:\/\/silvertree.lv\/en\/produkts\/gift-card\/\",\"name\":\"Silvertree gift card - silvertree.lv\",\"isPartOf\":{\"@id\":\"https:\/\/silvertree.lv\/#website\"},\"primaryImageOfPage\":{\"@id\":\"https:\/\/silvertree.lv\/en\/produkts\/gift-card\/#primaryimage\"},\"image\":{\"@id\":\"https:\/\/silvertree.lv\/en\/produkts\/gift-card\/#primaryimage\"},\"thumbnailUrl\":\"https:\/\/silvertree.lv\/wp-content\/uploads\/sites\/4\/2024\/10\/Gift-card.png\",\"datePublished\":\"2024-10-23T09:21:31+00:00\",\"dateModified\":\"2025-10-06T17:52:14+00:00\",\"breadcrumb\":{\"@id\":\"https:\/\/silvertree.lv\/en\/produkts\/gift-card\/#breadcrumb\"},\"inLanguage\":\"en-US\",\"potentialAction\":[{\"@type\":\"ReadAction\",\"target\":[\"https:\/\/silvertree.lv\/en\/produkts\/gift-card\/\"]}]},{\"@type\":\"ImageObject\",\"inLanguage\":\"en-US\",\"@id\":\"https:\/\/silvertree.lv\/en\/produkts\/gift-card\/#primaryimage\",\"url\":\"https:\/\/silvertree.lv\/wp-content\/uploads\/sites\/4\/2024\/10\/Gift-card.png\",\"contentUrl\":\"https:\/\/silvertree.lv\/wp-content\/uploads\/sites\/4\/2024\/10\/Gift-card.png\",\"width\":912,\"height\":999},{\"@type\":\"BreadcrumbList\",\"@id\":\"https:\/\/silvertree.lv\/en\/produkts\/gift-card\/#breadcrumb\",\"itemListElement\":[{\"@type\":\"ListItem\",\"position\":1,\"name\":\"Home\",\"item\":\"https:\/\/silvertree.lv\/en\/silvertree\/\"},{\"@type\":\"ListItem\",\"position\":2,\"name\":\"Shop\",\"item\":\"https:\/\/silvertree.lv\/en\/shop\/\"},{\"@type\":\"ListItem\",\"position\":3,\"name\":\"Silvertree gift card\"}]},{\"@type\":\"WebSite\",\"@id\":\"https:\/\/silvertree.lv\/#website\",\"url\":\"https:\/\/silvertree.lv\/\",\"name\":\"silvertree.lv\",\"description\":\"Jaukiausioms 2023m. \u0161vent\u0117ms si\u016blome \u012fsigyti Premium kokyb\u0117s K\u0117n\u012f\u2611\ufe0farba gyv\u0105 lietuvi\u0161k\u0105 eglut\u0119\u2611\ufe0finternetu i\u0161\u23e9silvertree.lv. Pristatysime ir i\u0161ve\u0161ime NEMOKAMAI pas mus pirktas eglutes. Mes parduodame tik tikras Kal\u0117dines egles u\u017eaugintas ir nukirstas \u016bkiuose!\",\"potentialAction\":[{\"@type\":\"SearchAction\",\"target\":{\"@type\":\"EntryPoint\",\"urlTemplate\":\"https:\/\/silvertree.lv\/?s={search_term_string}\"},\"query-input\":{\"@type\":\"PropertyValueSpecification\",\"valueRequired\":true,\"valueName\":\"search_term_string\"}}],\"inLanguage\":\"en-US\"}]}<\/script>\n<!-- \/ Yoast SEO plugin. -->","yoast_head_json":{"title":"Silvertree gift card - silvertree.lv","robots":{"index":"noindex","follow":"nofollow"},"og_locale":"en_US","og_type":"article","og_title":"Silvertree gift card - silvertree.lv","og_description":"Gift card\u00a0\u2013 for your desired Christmas tree","og_url":"https:\/\/silvertree.lv\/en\/produkts\/gift-card\/","og_site_name":"silvertree.lv","article_modified_time":"2025-10-06T17:52:14+00:00","og_image":[{"width":912,"height":999,"url":"https:\/\/silvertree.lv\/wp-content\/uploads\/sites\/4\/2024\/10\/Gift-card.png","type":"image\/png"}],"twitter_card":"summary_large_image","twitter_misc":{"Est. reading time":"1 minute"},"schema":{"@context":"https:\/\/schema.org","@graph":[{"@type":"WebPage","@id":"https:\/\/silvertree.lv\/en\/produkts\/gift-card\/","url":"https:\/\/silvertree.lv\/en\/produkts\/gift-card\/","name":"Silvertree gift card - silvertree.lv","isPartOf":{"@id":"https:\/\/silvertree.lv\/#website"},"primaryImageOfPage":{"@id":"https:\/\/silvertree.lv\/en\/produkts\/gift-card\/#primaryimage"},"image":{"@id":"https:\/\/silvertree.lv\/en\/produkts\/gift-card\/#primaryimage"},"thumbnailUrl":"https:\/\/silvertree.lv\/wp-content\/uploads\/sites\/4\/2024\/10\/Gift-card.png","datePublished":"2024-10-23T09:21:31+00:00","dateModified":"2025-10-06T17:52:14+00:00","breadcrumb":{"@id":"https:\/\/silvertree.lv\/en\/produkts\/gift-card\/#breadcrumb"},"inLanguage":"en-US","potentialAction":[{"@type":"ReadAction","target":["https:\/\/silvertree.lv\/en\/produkts\/gift-card\/"]}]},{"@type":"ImageObject","inLanguage":"en-US","@id":"https:\/\/silvertree.lv\/en\/produkts\/gift-card\/#primaryimage","url":"https:\/\/silvertree.lv\/wp-content\/uploads\/sites\/4\/2024\/10\/Gift-card.png","contentUrl":"https:\/\/silvertree.lv\/wp-content\/uploads\/sites\/4\/2024\/10\/Gift-card.png","width":912,"height":999},{"@type":"BreadcrumbList","@id":"https:\/\/silvertree.lv\/en\/produkts\/gift-card\/#breadcrumb","itemListElement":[{"@type":"ListItem","position":1,"name":"Home","item":"https:\/\/silvertree.lv\/en\/silvertree\/"},{"@type":"ListItem","position":2,"name":"Shop","item":"https:\/\/silvertree.lv\/en\/shop\/"},{"@type":"ListItem","position":3,"name":"Silvertree gift card"}]},{"@type":"WebSite","@id":"https:\/\/silvertree.lv\/#website","url":"https:\/\/silvertree.lv\/","name":"silvertree.lv","description":"Jaukiausioms 2023m. \u0161vent\u0117ms si\u016blome \u012fsigyti Premium kokyb\u0117s K\u0117n\u012f\u2611\ufe0farba gyv\u0105 lietuvi\u0161k\u0105 eglut\u0119\u2611\ufe0finternetu i\u0161\u23e9silvertree.lv. Pristatysime ir i\u0161ve\u0161ime NEMOKAMAI pas mus pirktas eglutes. Mes parduodame tik tikras Kal\u0117dines egles u\u017eaugintas ir nukirstas \u016bkiuose!","potentialAction":[{"@type":"SearchAction","target":{"@type":"EntryPoint","urlTemplate":"https:\/\/silvertree.lv\/?s={search_term_string}"},"query-input":{"@type":"PropertyValueSpecification","valueRequired":true,"valueName":"search_term_string"}}],"inLanguage":"en-US"}]}},"_links":{"self":[{"href":"https:\/\/silvertree.lv\/en\/wp-json\/wp\/v2\/product\/6791","targetHints":{"allow":["GET"]}}],"collection":[{"href":"https:\/\/silvertree.lv\/en\/wp-json\/wp\/v2\/product"}],"about":[{"href":"https:\/\/silvertree.lv\/en\/wp-json\/wp\/v2\/types\/product"}],"wp:featuredmedia":[{"embeddable":true,"href":"https:\/\/silvertree.lv\/en\/wp-json\/wp\/v2\/media\/6807"}],"wp:attachment":[{"href":"https:\/\/silvertree.lv\/en\/wp-json\/wp\/v2\/media?parent=6791"}],"wp:term":[{"taxonomy":"product_brand","embeddable":true,"href":"https:\/\/silvertree.lv\/en\/wp-json\/wp\/v2\/product_brand?post=6791"},{"taxonomy":"product_cat","embeddable":true,"href":"https:\/\/silvertree.lv\/en\/wp-json\/wp\/v2\/product_cat?post=6791"},{"taxonomy":"product_tag","embeddable":true,"href":"https:\/\/silvertree.lv\/en\/wp-json\/wp\/v2\/product_tag?post=6791"}],"curies":[{"name":"wp","href":"https:\/\/api.w.org\/{rel}","templated":true}]}}