

{"id":3135,"date":"2022-10-12T12:23:24","date_gmt":"2022-10-12T12:23:24","guid":{"rendered":"https:\/\/silvertree.lv\/produktas\/nestandartinio-dydzio-keniai\/"},"modified":"2025-10-06T17:54:27","modified_gmt":"2025-10-06T17:54:27","slug":"big-size-nordamann","status":"publish","type":"product","link":"https:\/\/silvertree.lv\/en\/produkts\/big-size-nordamann\/","title":{"rendered":"Non-standard size Firs"},"content":{"rendered":"<p>Orders for non-standard size Christmas trees are grouped and will be delivered between November 25 and December 5. Trees of this height are transported using special transportation, and the delivery date and time will be arranged individually.<\/p>\n<p>Each tree is placed in a suitable stand weighing 9 kilograms, which has a water capacity of 6.3 liters. The total weight of the stand with water is 15.3 kilograms. If you are placing the tree outdoors, we will additionally secure the tree&#8217;s stability by weighting the stand with sandbags. Tree placement and stand rental are free of charge.<\/p>\n<p>We are accepting orders for trees of this height until November 25.<\/p>\n<p>Once you submit an order, we will contact you to finalize the delivery details. If you have any questions, please contact us at <a href=\"mailto:info@silvertree.lv\" target=\"_new\" rel=\"noopener\">info@silvertree.lv<\/a> or +37129996726<\/p>\n","protected":false},"excerpt":{"rendered":"<p><strong>Danish<\/strong> or otherwise known as <strong>Caucasian<\/strong> fir (Latin: Abies nordmanniana).<\/p>\n","protected":false},"featured_media":1251,"template":"","meta":{"_acf_changed":false,"inline_featured_image":false},"product_brand":[],"product_cat":[236,238,241,244,67,250,253,256,259,265,268,271],"product_tag":[],"class_list":{"0":"post-3135","1":"product","2":"type-product","3":"status-publish","4":"has-post-thumbnail","6":"product_cat-asa-egle-lv-en","7":"product_cat-baltegles-lv","8":"product_cat-balzama-baltegle-lv","9":"product_cat-danu-egles-lv","10":"product_cat-eglutes-en","11":"product_cat-frezera-baltegle-lv","12":"product_cat-kanadas-egles-lv","13":"product_cat-kaukaza-baltegle-lv","14":"product_cat-korejas-baltegle-lv","15":"product_cat-nordmann-egles-lv","16":"product_cat-parasta-egle-lv","17":"product_cat-serbijas-egles-lv","19":"first","20":"outofstock","21":"taxable","22":"shipping-taxable","23":"purchasable","24":"product-type-variable"},"acf":[],"yoast_head":"<!-- This site is optimized with the Yoast SEO plugin v26.1.1 - https:\/\/yoast.com\/wordpress\/plugins\/seo\/ -->\n<title>Non-standard size Firs - silvertree.lv<\/title>\n<meta name=\"robots\" content=\"noindex, nofollow\" \/>\n<meta property=\"og:locale\" content=\"en_US\" \/>\n<meta property=\"og:type\" content=\"article\" \/>\n<meta property=\"og:title\" content=\"Non-standard size Firs - silvertree.lv\" \/>\n<meta property=\"og:description\" content=\"Danish or otherwise known as Caucasian fir (Latin: Abies nordmanniana).\" \/>\n<meta property=\"og:url\" content=\"https:\/\/silvertree.lv\/en\/produkts\/big-size-nordamann\/\" \/>\n<meta property=\"og:site_name\" content=\"silvertree.lv\" \/>\n<meta property=\"article:modified_time\" content=\"2025-10-06T17:54:27+00:00\" \/>\n<meta property=\"og:image\" content=\"https:\/\/silvertree.lv\/wp-content\/uploads\/sites\/4\/2023\/08\/200fir.png\" \/>\n\t<meta property=\"og:image:width\" content=\"829\" \/>\n\t<meta property=\"og:image:height\" content=\"1000\" \/>\n\t<meta property=\"og:image:type\" content=\"image\/png\" \/>\n<meta name=\"twitter:card\" content=\"summary_large_image\" \/>\n<meta name=\"twitter:label1\" content=\"Est. reading time\" \/>\n\t<meta name=\"twitter:data1\" content=\"1 minute\" \/>\n<script type=\"application\/ld+json\" class=\"yoast-schema-graph\">{\"@context\":\"https:\/\/schema.org\",\"@graph\":[{\"@type\":\"WebPage\",\"@id\":\"https:\/\/silvertree.lv\/en\/produkts\/big-size-nordamann\/\",\"url\":\"https:\/\/silvertree.lv\/en\/produkts\/big-size-nordamann\/\",\"name\":\"Non-standard size Firs - silvertree.lv\",\"isPartOf\":{\"@id\":\"https:\/\/silvertree.lv\/#website\"},\"primaryImageOfPage\":{\"@id\":\"https:\/\/silvertree.lv\/en\/produkts\/big-size-nordamann\/#primaryimage\"},\"image\":{\"@id\":\"https:\/\/silvertree.lv\/en\/produkts\/big-size-nordamann\/#primaryimage\"},\"thumbnailUrl\":\"https:\/\/silvertree.lv\/wp-content\/uploads\/sites\/4\/2023\/08\/200fir.png\",\"datePublished\":\"2022-10-12T12:23:24+00:00\",\"dateModified\":\"2025-10-06T17:54:27+00:00\",\"breadcrumb\":{\"@id\":\"https:\/\/silvertree.lv\/en\/produkts\/big-size-nordamann\/#breadcrumb\"},\"inLanguage\":\"en-US\",\"potentialAction\":[{\"@type\":\"ReadAction\",\"target\":[\"https:\/\/silvertree.lv\/en\/produkts\/big-size-nordamann\/\"]}]},{\"@type\":\"ImageObject\",\"inLanguage\":\"en-US\",\"@id\":\"https:\/\/silvertree.lv\/en\/produkts\/big-size-nordamann\/#primaryimage\",\"url\":\"https:\/\/silvertree.lv\/wp-content\/uploads\/sites\/4\/2023\/08\/200fir.png\",\"contentUrl\":\"https:\/\/silvertree.lv\/wp-content\/uploads\/sites\/4\/2023\/08\/200fir.png\",\"width\":829,\"height\":1000},{\"@type\":\"BreadcrumbList\",\"@id\":\"https:\/\/silvertree.lv\/en\/produkts\/big-size-nordamann\/#breadcrumb\",\"itemListElement\":[{\"@type\":\"ListItem\",\"position\":1,\"name\":\"Home\",\"item\":\"https:\/\/silvertree.lv\/en\/silvertree\/\"},{\"@type\":\"ListItem\",\"position\":2,\"name\":\"Shop\",\"item\":\"https:\/\/silvertree.lv\/en\/shop\/\"},{\"@type\":\"ListItem\",\"position\":3,\"name\":\"Non-standard size Firs\"}]},{\"@type\":\"WebSite\",\"@id\":\"https:\/\/silvertree.lv\/#website\",\"url\":\"https:\/\/silvertree.lv\/\",\"name\":\"silvertree.lv\",\"description\":\"Jaukiausioms 2023m. \u0161vent\u0117ms si\u016blome \u012fsigyti Premium kokyb\u0117s K\u0117n\u012f\u2611\ufe0farba gyv\u0105 lietuvi\u0161k\u0105 eglut\u0119\u2611\ufe0finternetu i\u0161\u23e9silvertree.lv. Pristatysime ir i\u0161ve\u0161ime NEMOKAMAI pas mus pirktas eglutes. Mes parduodame tik tikras Kal\u0117dines egles u\u017eaugintas ir nukirstas \u016bkiuose!\",\"potentialAction\":[{\"@type\":\"SearchAction\",\"target\":{\"@type\":\"EntryPoint\",\"urlTemplate\":\"https:\/\/silvertree.lv\/?s={search_term_string}\"},\"query-input\":{\"@type\":\"PropertyValueSpecification\",\"valueRequired\":true,\"valueName\":\"search_term_string\"}}],\"inLanguage\":\"en-US\"}]}<\/script>\n<!-- \/ Yoast SEO plugin. -->","yoast_head_json":{"title":"Non-standard size Firs - silvertree.lv","robots":{"index":"noindex","follow":"nofollow"},"og_locale":"en_US","og_type":"article","og_title":"Non-standard size Firs - silvertree.lv","og_description":"Danish or otherwise known as Caucasian fir (Latin: Abies nordmanniana).","og_url":"https:\/\/silvertree.lv\/en\/produkts\/big-size-nordamann\/","og_site_name":"silvertree.lv","article_modified_time":"2025-10-06T17:54:27+00:00","og_image":[{"width":829,"height":1000,"url":"https:\/\/silvertree.lv\/wp-content\/uploads\/sites\/4\/2023\/08\/200fir.png","type":"image\/png"}],"twitter_card":"summary_large_image","twitter_misc":{"Est. reading time":"1 minute"},"schema":{"@context":"https:\/\/schema.org","@graph":[{"@type":"WebPage","@id":"https:\/\/silvertree.lv\/en\/produkts\/big-size-nordamann\/","url":"https:\/\/silvertree.lv\/en\/produkts\/big-size-nordamann\/","name":"Non-standard size Firs - silvertree.lv","isPartOf":{"@id":"https:\/\/silvertree.lv\/#website"},"primaryImageOfPage":{"@id":"https:\/\/silvertree.lv\/en\/produkts\/big-size-nordamann\/#primaryimage"},"image":{"@id":"https:\/\/silvertree.lv\/en\/produkts\/big-size-nordamann\/#primaryimage"},"thumbnailUrl":"https:\/\/silvertree.lv\/wp-content\/uploads\/sites\/4\/2023\/08\/200fir.png","datePublished":"2022-10-12T12:23:24+00:00","dateModified":"2025-10-06T17:54:27+00:00","breadcrumb":{"@id":"https:\/\/silvertree.lv\/en\/produkts\/big-size-nordamann\/#breadcrumb"},"inLanguage":"en-US","potentialAction":[{"@type":"ReadAction","target":["https:\/\/silvertree.lv\/en\/produkts\/big-size-nordamann\/"]}]},{"@type":"ImageObject","inLanguage":"en-US","@id":"https:\/\/silvertree.lv\/en\/produkts\/big-size-nordamann\/#primaryimage","url":"https:\/\/silvertree.lv\/wp-content\/uploads\/sites\/4\/2023\/08\/200fir.png","contentUrl":"https:\/\/silvertree.lv\/wp-content\/uploads\/sites\/4\/2023\/08\/200fir.png","width":829,"height":1000},{"@type":"BreadcrumbList","@id":"https:\/\/silvertree.lv\/en\/produkts\/big-size-nordamann\/#breadcrumb","itemListElement":[{"@type":"ListItem","position":1,"name":"Home","item":"https:\/\/silvertree.lv\/en\/silvertree\/"},{"@type":"ListItem","position":2,"name":"Shop","item":"https:\/\/silvertree.lv\/en\/shop\/"},{"@type":"ListItem","position":3,"name":"Non-standard size Firs"}]},{"@type":"WebSite","@id":"https:\/\/silvertree.lv\/#website","url":"https:\/\/silvertree.lv\/","name":"silvertree.lv","description":"Jaukiausioms 2023m. \u0161vent\u0117ms si\u016blome \u012fsigyti Premium kokyb\u0117s K\u0117n\u012f\u2611\ufe0farba gyv\u0105 lietuvi\u0161k\u0105 eglut\u0119\u2611\ufe0finternetu i\u0161\u23e9silvertree.lv. Pristatysime ir i\u0161ve\u0161ime NEMOKAMAI pas mus pirktas eglutes. Mes parduodame tik tikras Kal\u0117dines egles u\u017eaugintas ir nukirstas \u016bkiuose!","potentialAction":[{"@type":"SearchAction","target":{"@type":"EntryPoint","urlTemplate":"https:\/\/silvertree.lv\/?s={search_term_string}"},"query-input":{"@type":"PropertyValueSpecification","valueRequired":true,"valueName":"search_term_string"}}],"inLanguage":"en-US"}]}},"_links":{"self":[{"href":"https:\/\/silvertree.lv\/en\/wp-json\/wp\/v2\/product\/3135","targetHints":{"allow":["GET"]}}],"collection":[{"href":"https:\/\/silvertree.lv\/en\/wp-json\/wp\/v2\/product"}],"about":[{"href":"https:\/\/silvertree.lv\/en\/wp-json\/wp\/v2\/types\/product"}],"wp:featuredmedia":[{"embeddable":true,"href":"https:\/\/silvertree.lv\/en\/wp-json\/wp\/v2\/media\/1251"}],"wp:attachment":[{"href":"https:\/\/silvertree.lv\/en\/wp-json\/wp\/v2\/media?parent=3135"}],"wp:term":[{"taxonomy":"product_brand","embeddable":true,"href":"https:\/\/silvertree.lv\/en\/wp-json\/wp\/v2\/product_brand?post=3135"},{"taxonomy":"product_cat","embeddable":true,"href":"https:\/\/silvertree.lv\/en\/wp-json\/wp\/v2\/product_cat?post=3135"},{"taxonomy":"product_tag","embeddable":true,"href":"https:\/\/silvertree.lv\/en\/wp-json\/wp\/v2\/product_tag?post=3135"}],"curies":[{"name":"wp","href":"https:\/\/api.w.org\/{rel}","templated":true}]}}