

{"id":1093,"date":"2023-08-30T09:03:58","date_gmt":"2023-08-30T09:03:58","guid":{"rendered":"https:\/\/silvertree.lv\/produktas\/premium-kenis-100-125\/"},"modified":"2025-10-06T17:52:38","modified_gmt":"2025-10-06T17:52:38","slug":"premium-fir-100-125","status":"publish","type":"product","link":"https:\/\/silvertree.lv\/en\/produkts\/premium-fir-100-125\/","title":{"rendered":"Premium Nordman Fir"},"content":{"rendered":"<p>Highly favored and cherished by families across Europe and Latvia It\u2019s a tree that can initially deceive you with its perfect genetics. The precisely shaped dense foliage, large, soft, lush, and rich green needles can create an impression of an artificial tree at first glance. It\u2019s worth noting that this tree is a favorite among families for a reason \u2013 its soft needles are friendly to children and pets, who tend to sniff around.<\/p>\n<p>The Danish fir remains fresh and green for a long time, so when it begins to dry indoors, it sheds almost no needles compared to other types of treesIf . This is another reason why this tree must become your Christmas essential.<\/p>\n<p>This Danish fir is also an option for those who may have allergies triggered by strong scents emitted by other Christmas trees. The scent of this fir tree is barely noticeable indoors.<\/p>\n","protected":false},"excerpt":{"rendered":"<div class=\"customabout-left\">\n<p><strong>Danish<\/strong>\u00a0or, alternatively,\u00a0<strong>Caucasian fir<\/strong>\u00a0(Latin: Abies nordmanniana)<\/p>\n<p>&nbsp;<\/p>\n<\/div>\n<div class=\"customabout-right\"><\/div>\n","protected":false},"featured_media":1094,"template":"","meta":{"_acf_changed":false,"inline_featured_image":false},"product_brand":[],"product_cat":[236,238,241,244,71,250,253,256,259,76,265,268,271],"product_tag":[],"class_list":{"0":"post-1093","1":"product","2":"type-product","3":"status-publish","4":"has-post-thumbnail","6":"product_cat-asa-egle-lv-en","7":"product_cat-baltegles-lv","8":"product_cat-balzama-baltegle-lv","9":"product_cat-danu-egles-lv","10":"product_cat-eglut-en","11":"product_cat-frezera-baltegle-lv","12":"product_cat-kanadas-egles-lv","13":"product_cat-kaukaza-baltegle-lv","14":"product_cat-korejas-baltegle-lv","15":"product_cat-mostpopular-en","16":"product_cat-nordmann-egles-lv","17":"product_cat-parasta-egle-lv","18":"product_cat-serbijas-egles-lv","20":"first","21":"instock","22":"taxable","23":"shipping-taxable","24":"purchasable","25":"product-type-simple"},"acf":[],"yoast_head":"<!-- This site is optimized with the Yoast SEO plugin v26.1.1 - https:\/\/yoast.com\/wordpress\/plugins\/seo\/ -->\n<title>Premium Nordman fir 100-125cm - Silvertree<\/title>\n<meta name=\"robots\" content=\"noindex, nofollow\" \/>\n<meta property=\"og:locale\" content=\"en_US\" \/>\n<meta property=\"og:type\" content=\"article\" \/>\n<meta property=\"og:title\" content=\"Premium Nordman fir 100-125cm - Silvertree\" \/>\n<meta property=\"og:description\" content=\"Danish\u00a0or, alternatively,\u00a0Caucasian fir\u00a0(Latin: Abies nordmanniana)  &nbsp;\" \/>\n<meta property=\"og:url\" content=\"https:\/\/silvertree.lv\/en\/produkts\/premium-fir-100-125\/\" \/>\n<meta property=\"og:site_name\" content=\"silvertree.lv\" \/>\n<meta property=\"article:modified_time\" content=\"2025-10-06T17:52:38+00:00\" \/>\n<meta property=\"og:image\" content=\"https:\/\/silvertree.lv\/wp-content\/uploads\/sites\/4\/2023\/08\/1mfir.png\" \/>\n\t<meta property=\"og:image:width\" content=\"829\" \/>\n\t<meta property=\"og:image:height\" content=\"1000\" \/>\n\t<meta property=\"og:image:type\" content=\"image\/png\" \/>\n<meta name=\"twitter:card\" content=\"summary_large_image\" \/>\n<meta name=\"twitter:label1\" content=\"Est. reading time\" \/>\n\t<meta name=\"twitter:data1\" content=\"1 minute\" \/>\n<script type=\"application\/ld+json\" class=\"yoast-schema-graph\">{\"@context\":\"https:\/\/schema.org\",\"@graph\":[{\"@type\":\"WebPage\",\"@id\":\"https:\/\/silvertree.lv\/en\/produkts\/premium-fir-100-125\/\",\"url\":\"https:\/\/silvertree.lv\/en\/produkts\/premium-fir-100-125\/\",\"name\":\"Premium Nordman fir 100-125cm - Silvertree\",\"isPartOf\":{\"@id\":\"https:\/\/silvertree.lv\/#website\"},\"primaryImageOfPage\":{\"@id\":\"https:\/\/silvertree.lv\/en\/produkts\/premium-fir-100-125\/#primaryimage\"},\"image\":{\"@id\":\"https:\/\/silvertree.lv\/en\/produkts\/premium-fir-100-125\/#primaryimage\"},\"thumbnailUrl\":\"https:\/\/silvertree.lv\/wp-content\/uploads\/sites\/4\/2023\/08\/1mfir.png\",\"datePublished\":\"2023-08-30T09:03:58+00:00\",\"dateModified\":\"2025-10-06T17:52:38+00:00\",\"breadcrumb\":{\"@id\":\"https:\/\/silvertree.lv\/en\/produkts\/premium-fir-100-125\/#breadcrumb\"},\"inLanguage\":\"en-US\",\"potentialAction\":[{\"@type\":\"ReadAction\",\"target\":[\"https:\/\/silvertree.lv\/en\/produkts\/premium-fir-100-125\/\"]}]},{\"@type\":\"ImageObject\",\"inLanguage\":\"en-US\",\"@id\":\"https:\/\/silvertree.lv\/en\/produkts\/premium-fir-100-125\/#primaryimage\",\"url\":\"https:\/\/silvertree.lv\/wp-content\/uploads\/sites\/4\/2023\/08\/1mfir.png\",\"contentUrl\":\"https:\/\/silvertree.lv\/wp-content\/uploads\/sites\/4\/2023\/08\/1mfir.png\",\"width\":829,\"height\":1000,\"caption\":\"Premium k\u0117nis\"},{\"@type\":\"BreadcrumbList\",\"@id\":\"https:\/\/silvertree.lv\/en\/produkts\/premium-fir-100-125\/#breadcrumb\",\"itemListElement\":[{\"@type\":\"ListItem\",\"position\":1,\"name\":\"Home\",\"item\":\"https:\/\/silvertree.lv\/en\/silvertree\/\"},{\"@type\":\"ListItem\",\"position\":2,\"name\":\"Shop\",\"item\":\"https:\/\/silvertree.lv\/en\/shop\/\"},{\"@type\":\"ListItem\",\"position\":3,\"name\":\"Premium Nordman Fir\"}]},{\"@type\":\"WebSite\",\"@id\":\"https:\/\/silvertree.lv\/#website\",\"url\":\"https:\/\/silvertree.lv\/\",\"name\":\"silvertree.lv\",\"description\":\"Jaukiausioms 2023m. \u0161vent\u0117ms si\u016blome \u012fsigyti Premium kokyb\u0117s K\u0117n\u012f\u2611\ufe0farba gyv\u0105 lietuvi\u0161k\u0105 eglut\u0119\u2611\ufe0finternetu i\u0161\u23e9silvertree.lv. Pristatysime ir i\u0161ve\u0161ime NEMOKAMAI pas mus pirktas eglutes. Mes parduodame tik tikras Kal\u0117dines egles u\u017eaugintas ir nukirstas \u016bkiuose!\",\"potentialAction\":[{\"@type\":\"SearchAction\",\"target\":{\"@type\":\"EntryPoint\",\"urlTemplate\":\"https:\/\/silvertree.lv\/?s={search_term_string}\"},\"query-input\":{\"@type\":\"PropertyValueSpecification\",\"valueRequired\":true,\"valueName\":\"search_term_string\"}}],\"inLanguage\":\"en-US\"}]}<\/script>\n<!-- \/ Yoast SEO plugin. -->","yoast_head_json":{"title":"Premium Nordman fir 100-125cm - Silvertree","robots":{"index":"noindex","follow":"nofollow"},"og_locale":"en_US","og_type":"article","og_title":"Premium Nordman fir 100-125cm - Silvertree","og_description":"Danish\u00a0or, alternatively,\u00a0Caucasian fir\u00a0(Latin: Abies nordmanniana)  &nbsp;","og_url":"https:\/\/silvertree.lv\/en\/produkts\/premium-fir-100-125\/","og_site_name":"silvertree.lv","article_modified_time":"2025-10-06T17:52:38+00:00","og_image":[{"width":829,"height":1000,"url":"https:\/\/silvertree.lv\/wp-content\/uploads\/sites\/4\/2023\/08\/1mfir.png","type":"image\/png"}],"twitter_card":"summary_large_image","twitter_misc":{"Est. reading time":"1 minute"},"schema":{"@context":"https:\/\/schema.org","@graph":[{"@type":"WebPage","@id":"https:\/\/silvertree.lv\/en\/produkts\/premium-fir-100-125\/","url":"https:\/\/silvertree.lv\/en\/produkts\/premium-fir-100-125\/","name":"Premium Nordman fir 100-125cm - Silvertree","isPartOf":{"@id":"https:\/\/silvertree.lv\/#website"},"primaryImageOfPage":{"@id":"https:\/\/silvertree.lv\/en\/produkts\/premium-fir-100-125\/#primaryimage"},"image":{"@id":"https:\/\/silvertree.lv\/en\/produkts\/premium-fir-100-125\/#primaryimage"},"thumbnailUrl":"https:\/\/silvertree.lv\/wp-content\/uploads\/sites\/4\/2023\/08\/1mfir.png","datePublished":"2023-08-30T09:03:58+00:00","dateModified":"2025-10-06T17:52:38+00:00","breadcrumb":{"@id":"https:\/\/silvertree.lv\/en\/produkts\/premium-fir-100-125\/#breadcrumb"},"inLanguage":"en-US","potentialAction":[{"@type":"ReadAction","target":["https:\/\/silvertree.lv\/en\/produkts\/premium-fir-100-125\/"]}]},{"@type":"ImageObject","inLanguage":"en-US","@id":"https:\/\/silvertree.lv\/en\/produkts\/premium-fir-100-125\/#primaryimage","url":"https:\/\/silvertree.lv\/wp-content\/uploads\/sites\/4\/2023\/08\/1mfir.png","contentUrl":"https:\/\/silvertree.lv\/wp-content\/uploads\/sites\/4\/2023\/08\/1mfir.png","width":829,"height":1000,"caption":"Premium k\u0117nis"},{"@type":"BreadcrumbList","@id":"https:\/\/silvertree.lv\/en\/produkts\/premium-fir-100-125\/#breadcrumb","itemListElement":[{"@type":"ListItem","position":1,"name":"Home","item":"https:\/\/silvertree.lv\/en\/silvertree\/"},{"@type":"ListItem","position":2,"name":"Shop","item":"https:\/\/silvertree.lv\/en\/shop\/"},{"@type":"ListItem","position":3,"name":"Premium Nordman Fir"}]},{"@type":"WebSite","@id":"https:\/\/silvertree.lv\/#website","url":"https:\/\/silvertree.lv\/","name":"silvertree.lv","description":"Jaukiausioms 2023m. \u0161vent\u0117ms si\u016blome \u012fsigyti Premium kokyb\u0117s K\u0117n\u012f\u2611\ufe0farba gyv\u0105 lietuvi\u0161k\u0105 eglut\u0119\u2611\ufe0finternetu i\u0161\u23e9silvertree.lv. Pristatysime ir i\u0161ve\u0161ime NEMOKAMAI pas mus pirktas eglutes. Mes parduodame tik tikras Kal\u0117dines egles u\u017eaugintas ir nukirstas \u016bkiuose!","potentialAction":[{"@type":"SearchAction","target":{"@type":"EntryPoint","urlTemplate":"https:\/\/silvertree.lv\/?s={search_term_string}"},"query-input":{"@type":"PropertyValueSpecification","valueRequired":true,"valueName":"search_term_string"}}],"inLanguage":"en-US"}]}},"_links":{"self":[{"href":"https:\/\/silvertree.lv\/en\/wp-json\/wp\/v2\/product\/1093","targetHints":{"allow":["GET"]}}],"collection":[{"href":"https:\/\/silvertree.lv\/en\/wp-json\/wp\/v2\/product"}],"about":[{"href":"https:\/\/silvertree.lv\/en\/wp-json\/wp\/v2\/types\/product"}],"wp:featuredmedia":[{"embeddable":true,"href":"https:\/\/silvertree.lv\/en\/wp-json\/wp\/v2\/media\/1094"}],"wp:attachment":[{"href":"https:\/\/silvertree.lv\/en\/wp-json\/wp\/v2\/media?parent=1093"}],"wp:term":[{"taxonomy":"product_brand","embeddable":true,"href":"https:\/\/silvertree.lv\/en\/wp-json\/wp\/v2\/product_brand?post=1093"},{"taxonomy":"product_cat","embeddable":true,"href":"https:\/\/silvertree.lv\/en\/wp-json\/wp\/v2\/product_cat?post=1093"},{"taxonomy":"product_tag","embeddable":true,"href":"https:\/\/silvertree.lv\/en\/wp-json\/wp\/v2\/product_tag?post=1093"}],"curies":[{"name":"wp","href":"https:\/\/api.w.org\/{rel}","templated":true}]}}