

{"id":891,"date":"2023-08-07T17:49:51","date_gmt":"2023-08-07T17:49:51","guid":{"rendered":"https:\/\/silvertree.lv\/?page_id=891"},"modified":"2025-11-14T15:01:35","modified_gmt":"2025-11-14T15:01:35","slug":"contacts","status":"publish","type":"page","link":"https:\/\/silvertree.lv\/en\/contacts\/","title":{"rendered":"Contacts"},"content":{"rendered":"\r\n<section id=\"contact-us-block_7e834117fe37ecf78a3722a823a33fe5\" class=\"contact-us web-section\">\r\n\t<div class=\"container\">\r\n\t  <div class=\"contact-us-in\">\r\n          <h1 class=\"sectionheading\">Contant Info<\/h1>\r\n          <div class=\"contact-us-column-wrapper rte\">\r\n              <div class=\"contact-us-column contact-us-column-1\">\r\n                  <p><strong>silvertree.lv customer service<\/strong><\/p>\n<p>You can find answers to the most frequently asked questions <a href=\"https:\/\/silvertree.lv\/en\/faq\/\">here<\/a>.<\/p>\n<p>Didn&#8217;t find the answer you need in the <a href=\"https:\/\/silvertree.lv\/en\/faq\/\">FAQs<\/a>? Get in touch:<\/p>\n<p>Email: <a href=\"mailto:info@silvertree.lv\" target=\"_new\">info@silvertree.lv<\/a><\/p>\n<p>Phone: +37129996726<\/p>\n              <\/div>\r\n              <div class=\"contact-us-column contact-us-column-2\">\r\n                  <p><strong>Details:<\/strong><\/p>\n<p>Company name: SIA &#8220;CT Services&#8221;<\/p>\n<p>Re\u0123. nr. 40203350649<\/p>\n<p>PVN nr: LV40203350649<\/p>\n<p>Juridisk\u0101 adrese &#8211; R\u012bga, Kalnciema iela 20 &#8211; 3, LV-1046<\/p>\n<p>Banka &#8211; Swedbank AS<\/p>\n<p>Konta nr. &#8211; LV52HABA0551051727920<\/p>\n<p>info@silvertree.lv<\/p>\n              <\/div>\r\n          <\/div>\r\n\t  <\/div>\r\n\t<\/div>\r\n<\/section>\r\n","protected":false},"excerpt":{"rendered":"","protected":false},"author":1,"featured_media":0,"parent":0,"menu_order":0,"comment_status":"closed","ping_status":"closed","template":"","meta":{"_acf_changed":false,"inline_featured_image":false,"footnotes":""},"class_list":["post-891","page","type-page","status-publish","hentry"],"acf":[],"yoast_head":"<!-- This site is optimized with the Yoast SEO plugin v26.1.1 - https:\/\/yoast.com\/wordpress\/plugins\/seo\/ -->\n<title>Contacts<\/title>\n<meta name=\"robots\" content=\"noindex, nofollow\" \/>\n<meta property=\"og:locale\" content=\"en_US\" \/>\n<meta property=\"og:type\" content=\"article\" \/>\n<meta property=\"og:title\" content=\"Contacts\" \/>\n<meta property=\"og:url\" content=\"https:\/\/silvertree.lv\/en\/contacts\/\" \/>\n<meta property=\"og:site_name\" content=\"silvertree.lv\" \/>\n<meta property=\"article:modified_time\" content=\"2025-11-14T15:01:35+00:00\" \/>\n<meta name=\"twitter:card\" content=\"summary_large_image\" \/>\n<script type=\"application\/ld+json\" class=\"yoast-schema-graph\">{\"@context\":\"https:\/\/schema.org\",\"@graph\":[{\"@type\":\"WebPage\",\"@id\":\"https:\/\/silvertree.lv\/en\/contacts\/\",\"url\":\"https:\/\/silvertree.lv\/en\/contacts\/\",\"name\":\"Contacts\",\"isPartOf\":{\"@id\":\"https:\/\/silvertree.lv\/#website\"},\"datePublished\":\"2023-08-07T17:49:51+00:00\",\"dateModified\":\"2025-11-14T15:01:35+00:00\",\"breadcrumb\":{\"@id\":\"https:\/\/silvertree.lv\/en\/contacts\/#breadcrumb\"},\"inLanguage\":\"en-US\",\"potentialAction\":[{\"@type\":\"ReadAction\",\"target\":[\"https:\/\/silvertree.lv\/en\/contacts\/\"]}]},{\"@type\":\"BreadcrumbList\",\"@id\":\"https:\/\/silvertree.lv\/en\/contacts\/#breadcrumb\",\"itemListElement\":[{\"@type\":\"ListItem\",\"position\":1,\"name\":\"Home\",\"item\":\"https:\/\/silvertree.lv\/en\/silvertree\/\"},{\"@type\":\"ListItem\",\"position\":2,\"name\":\"Contacts\"}]},{\"@type\":\"WebSite\",\"@id\":\"https:\/\/silvertree.lv\/#website\",\"url\":\"https:\/\/silvertree.lv\/\",\"name\":\"silvertree.lv\",\"description\":\"Jaukiausioms 2023m. \u0161vent\u0117ms si\u016blome \u012fsigyti Premium kokyb\u0117s K\u0117n\u012f\u2611\ufe0farba gyv\u0105 lietuvi\u0161k\u0105 eglut\u0119\u2611\ufe0finternetu i\u0161\u23e9silvertree.lv. Pristatysime ir i\u0161ve\u0161ime NEMOKAMAI pas mus pirktas eglutes. Mes parduodame tik tikras Kal\u0117dines egles u\u017eaugintas ir nukirstas \u016bkiuose!\",\"potentialAction\":[{\"@type\":\"SearchAction\",\"target\":{\"@type\":\"EntryPoint\",\"urlTemplate\":\"https:\/\/silvertree.lv\/?s={search_term_string}\"},\"query-input\":{\"@type\":\"PropertyValueSpecification\",\"valueRequired\":true,\"valueName\":\"search_term_string\"}}],\"inLanguage\":\"en-US\"}]}<\/script>\n<!-- \/ Yoast SEO plugin. -->","yoast_head_json":{"title":"Contacts","robots":{"index":"noindex","follow":"nofollow"},"og_locale":"en_US","og_type":"article","og_title":"Contacts","og_url":"https:\/\/silvertree.lv\/en\/contacts\/","og_site_name":"silvertree.lv","article_modified_time":"2025-11-14T15:01:35+00:00","twitter_card":"summary_large_image","schema":{"@context":"https:\/\/schema.org","@graph":[{"@type":"WebPage","@id":"https:\/\/silvertree.lv\/en\/contacts\/","url":"https:\/\/silvertree.lv\/en\/contacts\/","name":"Contacts","isPartOf":{"@id":"https:\/\/silvertree.lv\/#website"},"datePublished":"2023-08-07T17:49:51+00:00","dateModified":"2025-11-14T15:01:35+00:00","breadcrumb":{"@id":"https:\/\/silvertree.lv\/en\/contacts\/#breadcrumb"},"inLanguage":"en-US","potentialAction":[{"@type":"ReadAction","target":["https:\/\/silvertree.lv\/en\/contacts\/"]}]},{"@type":"BreadcrumbList","@id":"https:\/\/silvertree.lv\/en\/contacts\/#breadcrumb","itemListElement":[{"@type":"ListItem","position":1,"name":"Home","item":"https:\/\/silvertree.lv\/en\/silvertree\/"},{"@type":"ListItem","position":2,"name":"Contacts"}]},{"@type":"WebSite","@id":"https:\/\/silvertree.lv\/#website","url":"https:\/\/silvertree.lv\/","name":"silvertree.lv","description":"Jaukiausioms 2023m. \u0161vent\u0117ms si\u016blome \u012fsigyti Premium kokyb\u0117s K\u0117n\u012f\u2611\ufe0farba gyv\u0105 lietuvi\u0161k\u0105 eglut\u0119\u2611\ufe0finternetu i\u0161\u23e9silvertree.lv. Pristatysime ir i\u0161ve\u0161ime NEMOKAMAI pas mus pirktas eglutes. Mes parduodame tik tikras Kal\u0117dines egles u\u017eaugintas ir nukirstas \u016bkiuose!","potentialAction":[{"@type":"SearchAction","target":{"@type":"EntryPoint","urlTemplate":"https:\/\/silvertree.lv\/?s={search_term_string}"},"query-input":{"@type":"PropertyValueSpecification","valueRequired":true,"valueName":"search_term_string"}}],"inLanguage":"en-US"}]}},"_links":{"self":[{"href":"https:\/\/silvertree.lv\/en\/wp-json\/wp\/v2\/pages\/891","targetHints":{"allow":["GET"]}}],"collection":[{"href":"https:\/\/silvertree.lv\/en\/wp-json\/wp\/v2\/pages"}],"about":[{"href":"https:\/\/silvertree.lv\/en\/wp-json\/wp\/v2\/types\/page"}],"author":[{"embeddable":true,"href":"https:\/\/silvertree.lv\/en\/wp-json\/wp\/v2\/users\/1"}],"replies":[{"embeddable":true,"href":"https:\/\/silvertree.lv\/en\/wp-json\/wp\/v2\/comments?post=891"}],"version-history":[{"count":15,"href":"https:\/\/silvertree.lv\/en\/wp-json\/wp\/v2\/pages\/891\/revisions"}],"predecessor-version":[{"id":11535,"href":"https:\/\/silvertree.lv\/en\/wp-json\/wp\/v2\/pages\/891\/revisions\/11535"}],"wp:attachment":[{"href":"https:\/\/silvertree.lv\/en\/wp-json\/wp\/v2\/media?parent=891"}],"curies":[{"name":"wp","href":"https:\/\/api.w.org\/{rel}","templated":true}]}}